{"id":10050,"date":"2023-01-25T12:21:20","date_gmt":"2023-01-25T12:21:20","guid":{"rendered":"https:\/\/laimincom.ee\/?post_type=product&#038;p=10050"},"modified":"2024-04-22T11:14:24","modified_gmt":"2024-04-22T11:14:24","slug":"key-authorization-station-kas","status":"publish","type":"product","link":"https:\/\/laimincom.ee\/et\/toode\/key-authorization-station-kas\/","title":{"rendered":"Key Authorization Station (KAS, IR3)"},"content":{"rendered":"<p>IR3-v\u00f5ti kogub andmeid, mis v\u00f5imaldavad Access Manageril jagada, kes ja millal positsioonile p\u00e4\u00e4ses.<\/p>\n<p>&nbsp;<\/p>","protected":false},"excerpt":{"rendered":"<p>PIN-koodid on iga t\u00f6\u00f6taja jaoks ainulaadsed.<\/p>\n<p>\u00dcks v\u00f5tme autoriseerimise jaam saab autoriseerida piiramatu arvu v\u00f5tmeid.<\/p>\n<p>Laadimisjuhe tuleb tellida eraldi.<\/p>\n<p>&nbsp;<\/p>","protected":false},"featured_media":3397,"template":"","meta":{"om_disable_all_campaigns":false,"inline_featured_image":false},"product_cat":[197],"product_tag":[],"class_list":{"0":"post-10050","1":"product","2":"type-product","3":"status-publish","4":"has-post-thumbnail","6":"product_cat-onekey","9":"first","10":"instock","11":"taxable","12":"shipping-taxable","13":"purchasable","14":"product-type-simple"},"_links":{"self":[{"href":"https:\/\/laimincom.ee\/et\/wp-json\/wp\/v2\/product\/10050","targetHints":{"allow":["GET"]}}],"collection":[{"href":"https:\/\/laimincom.ee\/et\/wp-json\/wp\/v2\/product"}],"about":[{"href":"https:\/\/laimincom.ee\/et\/wp-json\/wp\/v2\/types\/product"}],"wp:featuredmedia":[{"embeddable":true,"href":"https:\/\/laimincom.ee\/et\/wp-json\/wp\/v2\/media\/3397"}],"wp:attachment":[{"href":"https:\/\/laimincom.ee\/et\/wp-json\/wp\/v2\/media?parent=10050"}],"wp:term":[{"taxonomy":"product_cat","embeddable":true,"href":"https:\/\/laimincom.ee\/et\/wp-json\/wp\/v2\/product_cat?post=10050"},{"taxonomy":"product_tag","embeddable":true,"href":"https:\/\/laimincom.ee\/et\/wp-json\/wp\/v2\/product_tag?post=10050"}],"curies":[{"name":"wp","href":"https:\/\/api.w.org\/{rel}","templated":true}]}}