{"id":6745,"date":"2022-03-29T10:55:02","date_gmt":"2022-03-29T10:55:02","guid":{"rendered":"https:\/\/laimincom.ee\/?page_id=6745"},"modified":"2022-03-29T12:20:36","modified_gmt":"2022-03-29T12:20:36","slug":"works-done","status":"publish","type":"page","link":"https:\/\/laimincom.ee\/et\/works-done\/","title":{"rendered":"Tehtud t\u00f6\u00f6d"},"content":{"rendered":"<div class=\"wp-block-kadence-posts kb-posts kb-posts-id-_6fcf68-9a content-wrap grid-cols kb-posts-style-boxed grid-sm-col-2 grid-lg-col-3 item-image-style-above\"><article class=\"entry content-bg loop-entry post-6919 post type-post status-publish format-standard has-post-thumbnail hentry category-worksdone\">\n\t\t\t<a class=\"post-thumbnail kadence-thumbnail-ratio-inherit\" href=\"https:\/\/laimincom.ee\/et\/a-le-coq-beer-museum\/worksdone\/\">\n\t\t\t<div class=\"post-thumbnail-inner\">\n\t\t\t\t<img fetchpriority=\"high\" decoding=\"async\" width=\"640\" height=\"423\" src=\"https:\/\/laimincom.ee\/wp-content\/uploads\/2022\/06\/Screenshot-at-Jun-01-14-11-53.png\" class=\"attachment-large size-large wp-post-image\" alt=\"A Le Coq Beer museum\" srcset=\"https:\/\/laimincom.ee\/wp-content\/uploads\/2022\/06\/Screenshot-at-Jun-01-14-11-53.png 654w, https:\/\/laimincom.ee\/wp-content\/uploads\/2022\/06\/Screenshot-at-Jun-01-14-11-53-300x198.png 300w, https:\/\/laimincom.ee\/wp-content\/uploads\/2022\/06\/Screenshot-at-Jun-01-14-11-53-18x12.png 18w, https:\/\/laimincom.ee\/wp-content\/uploads\/2022\/06\/Screenshot-at-Jun-01-14-11-53-400x264.png 400w, https:\/\/laimincom.ee\/wp-content\/uploads\/2022\/06\/Screenshot-at-Jun-01-14-11-53-600x396.png 600w\" sizes=\"(max-width: 640px) 100vw, 640px\" \/>\t\t\t<\/div>\n\t\t<\/a><!-- .post-thumbnail -->\n\t\t\t<div class=\"entry-content-wrap\">\n\t\t<header class=\"entry-header\">\n\t<h3 class=\"entry-title\"><a href=\"https:\/\/laimincom.ee\/et\/a-le-coq-beer-museum\/worksdone\/\" rel=\"bookmark\">A Le Coq \u00d5llemuuseum<\/a><\/h3><\/header><!-- .entry-header -->\n<footer class=\"entry-footer\">\n\t\t\t<div class=\"entry-actions\">\n\t\t\t<p class=\"more-link-wrap\">\n\t\t\t\t<a href=\"https:\/\/laimincom.ee\/et\/a-le-coq-beer-museum\/worksdone\/\" class=\"post-more-link\">\n\t\t\t\t\tVajuta siia, et n\u00e4ha rohkem <span class=\"screen-reader-text\"> A Le Coq \u00d5llemuuseum<\/span><span class=\"kadence-svg-iconset svg-baseline\"><svg aria-hidden=\"true\" class=\"kadence-svg-icon kadence-arrow-right-alt-svg\" fill=\"currentColor\" version=\"1.1\" xmlns=\"http:\/\/www.w3.org\/2000\/svg\" width=\"27\" height=\"28\" viewbox=\"0 0 27 28\"><title>Continue<\/title><path d=\"M27 13.953c0 0.141-0.063 0.281-0.156 0.375l-6 5.531c-0.156 0.141-0.359 0.172-0.547 0.094-0.172-0.078-0.297-0.25-0.297-0.453v-3.5h-19.5c-0.281 0-0.5-0.219-0.5-0.5v-3c0-0.281 0.219-0.5 0.5-0.5h19.5v-3.5c0-0.203 0.109-0.375 0.297-0.453s0.391-0.047 0.547 0.078l6 5.469c0.094 0.094 0.156 0.219 0.156 0.359v0z\"><\/path>\n\t\t\t<\/svg><\/span>\t\t\t\t<\/a>\n\t\t\t<\/p>\n\t\t<\/div><!-- .entry-actions -->\n\t\t<\/footer><!-- .entry-footer -->\t<\/div>\n<\/article>\n<article class=\"entry content-bg loop-entry post-6748 post type-post status-publish format-standard has-post-thumbnail hentry category-worksdone\">\n\t\t\t<a class=\"post-thumbnail kadence-thumbnail-ratio-inherit\" href=\"https:\/\/laimincom.ee\/et\/elisa-estonia-2022\/worksdone\/\">\n\t\t\t<div class=\"post-thumbnail-inner\">\n\t\t\t\t<img decoding=\"async\" width=\"640\" height=\"852\" src=\"https:\/\/laimincom.ee\/wp-content\/uploads\/2022\/03\/IMG_20220328_125336-769x1024.jpg\" class=\"attachment-large size-large wp-post-image\" alt=\"Elisa Estonia 2022\" srcset=\"https:\/\/laimincom.ee\/wp-content\/uploads\/2022\/03\/IMG_20220328_125336-769x1024.jpg 769w, https:\/\/laimincom.ee\/wp-content\/uploads\/2022\/03\/IMG_20220328_125336-225x300.jpg 225w, https:\/\/laimincom.ee\/wp-content\/uploads\/2022\/03\/IMG_20220328_125336-768x1023.jpg 768w, https:\/\/laimincom.ee\/wp-content\/uploads\/2022\/03\/IMG_20220328_125336-1153x1536.jpg 1153w, https:\/\/laimincom.ee\/wp-content\/uploads\/2022\/03\/IMG_20220328_125336-1538x2048.jpg 1538w, https:\/\/laimincom.ee\/wp-content\/uploads\/2022\/03\/IMG_20220328_125336-9x12.jpg 9w, https:\/\/laimincom.ee\/wp-content\/uploads\/2022\/03\/IMG_20220328_125336-400x533.jpg 400w, https:\/\/laimincom.ee\/wp-content\/uploads\/2022\/03\/IMG_20220328_125336-600x799.jpg 600w, https:\/\/laimincom.ee\/wp-content\/uploads\/2022\/03\/IMG_20220328_125336-scaled.jpg 1922w\" sizes=\"(max-width: 640px) 100vw, 640px\" \/>\t\t\t<\/div>\n\t\t<\/a><!-- .post-thumbnail -->\n\t\t\t<div class=\"entry-content-wrap\">\n\t\t<header class=\"entry-header\">\n\t<h3 class=\"entry-title\"><a href=\"https:\/\/laimincom.ee\/et\/elisa-estonia-2022\/worksdone\/\" rel=\"bookmark\">Elisa Eesti 2022<\/a><\/h3><\/header><!-- .entry-header -->\n<footer class=\"entry-footer\">\n\t\t\t<div class=\"entry-actions\">\n\t\t\t<p class=\"more-link-wrap\">\n\t\t\t\t<a href=\"https:\/\/laimincom.ee\/et\/elisa-estonia-2022\/worksdone\/\" class=\"post-more-link\">\n\t\t\t\t\tVajuta siia, et n\u00e4ha rohkem <span class=\"screen-reader-text\"> Elisa Eesti 2022<\/span><span class=\"kadence-svg-iconset svg-baseline\"><svg aria-hidden=\"true\" class=\"kadence-svg-icon kadence-arrow-right-alt-svg\" fill=\"currentColor\" version=\"1.1\" xmlns=\"http:\/\/www.w3.org\/2000\/svg\" width=\"27\" height=\"28\" viewbox=\"0 0 27 28\"><title>Continue<\/title><path d=\"M27 13.953c0 0.141-0.063 0.281-0.156 0.375l-6 5.531c-0.156 0.141-0.359 0.172-0.547 0.094-0.172-0.078-0.297-0.25-0.297-0.453v-3.5h-19.5c-0.281 0-0.5-0.219-0.5-0.5v-3c0-0.281 0.219-0.5 0.5-0.5h19.5v-3.5c0-0.203 0.109-0.375 0.297-0.453s0.391-0.047 0.547 0.078l6 5.469c0.094 0.094 0.156 0.219 0.156 0.359v0z\"><\/path>\n\t\t\t<\/svg><\/span>\t\t\t\t<\/a>\n\t\t\t<\/p>\n\t\t<\/div><!-- .entry-actions -->\n\t\t<\/footer><!-- .entry-footer -->\t<\/div>\n<\/article>\n<article class=\"entry content-bg loop-entry post-6786 post type-post status-publish format-standard has-post-thumbnail hentry category-worksdone\">\n\t\t\t<a class=\"post-thumbnail kadence-thumbnail-ratio-inherit\" href=\"https:\/\/laimincom.ee\/et\/tele2-estonia-invue-installation-2022\/worksdone\/\">\n\t\t\t<div class=\"post-thumbnail-inner\">\n\t\t\t\t<img decoding=\"async\" width=\"640\" height=\"481\" src=\"https:\/\/laimincom.ee\/wp-content\/uploads\/2022\/03\/IMG_20220330_160844-1024x769.jpg\" class=\"attachment-large size-large wp-post-image\" alt=\"Tele2 Estonia InVue installation 2022\" srcset=\"https:\/\/laimincom.ee\/wp-content\/uploads\/2022\/03\/IMG_20220330_160844-1024x769.jpg 1024w, https:\/\/laimincom.ee\/wp-content\/uploads\/2022\/03\/IMG_20220330_160844-300x225.jpg 300w, https:\/\/laimincom.ee\/wp-content\/uploads\/2022\/03\/IMG_20220330_160844-768x577.jpg 768w, https:\/\/laimincom.ee\/wp-content\/uploads\/2022\/03\/IMG_20220330_160844-1536x1153.jpg 1536w, https:\/\/laimincom.ee\/wp-content\/uploads\/2022\/03\/IMG_20220330_160844-2048x1538.jpg 2048w, https:\/\/laimincom.ee\/wp-content\/uploads\/2022\/03\/IMG_20220330_160844-16x12.jpg 16w, https:\/\/laimincom.ee\/wp-content\/uploads\/2022\/03\/IMG_20220330_160844-400x300.jpg 400w, https:\/\/laimincom.ee\/wp-content\/uploads\/2022\/03\/IMG_20220330_160844-600x451.jpg 600w\" sizes=\"(max-width: 640px) 100vw, 640px\" \/>\t\t\t<\/div>\n\t\t<\/a><!-- .post-thumbnail -->\n\t\t\t<div class=\"entry-content-wrap\">\n\t\t<header class=\"entry-header\">\n\t<h3 class=\"entry-title\"><a href=\"https:\/\/laimincom.ee\/et\/tele2-estonia-invue-installation-2022\/worksdone\/\" rel=\"bookmark\">Tele2 Eesti InVue paigaldus 2022<\/a><\/h3><\/header><!-- .entry-header -->\n<footer class=\"entry-footer\">\n\t\t\t<div class=\"entry-actions\">\n\t\t\t<p class=\"more-link-wrap\">\n\t\t\t\t<a href=\"https:\/\/laimincom.ee\/et\/tele2-estonia-invue-installation-2022\/worksdone\/\" class=\"post-more-link\">\n\t\t\t\t\tVajuta siia, et n\u00e4ha rohkem <span class=\"screen-reader-text\"> Tele2 Eesti InVue paigaldus 2022<\/span><span class=\"kadence-svg-iconset svg-baseline\"><svg aria-hidden=\"true\" class=\"kadence-svg-icon kadence-arrow-right-alt-svg\" fill=\"currentColor\" version=\"1.1\" xmlns=\"http:\/\/www.w3.org\/2000\/svg\" width=\"27\" height=\"28\" viewbox=\"0 0 27 28\"><title>Continue<\/title><path d=\"M27 13.953c0 0.141-0.063 0.281-0.156 0.375l-6 5.531c-0.156 0.141-0.359 0.172-0.547 0.094-0.172-0.078-0.297-0.25-0.297-0.453v-3.5h-19.5c-0.281 0-0.5-0.219-0.5-0.5v-3c0-0.281 0.219-0.5 0.5-0.5h19.5v-3.5c0-0.203 0.109-0.375 0.297-0.453s0.391-0.047 0.547 0.078l6 5.469c0.094 0.094 0.156 0.219 0.156 0.359v0z\"><\/path>\n\t\t\t<\/svg><\/span>\t\t\t\t<\/a>\n\t\t\t<\/p>\n\t\t<\/div><!-- .entry-actions -->\n\t\t<\/footer><!-- .entry-footer -->\t<\/div>\n<\/article>\n<article class=\"entry content-bg loop-entry post-6764 post type-post status-publish format-standard has-post-thumbnail hentry category-worksdone\">\n\t\t\t<a class=\"post-thumbnail kadence-thumbnail-ratio-inherit\" href=\"https:\/\/laimincom.ee\/et\/apple-mbaar-tables-in-latvia-2021\/worksdone\/\">\n\t\t\t<div class=\"post-thumbnail-inner\">\n\t\t\t\t<img loading=\"lazy\" decoding=\"async\" width=\"640\" height=\"481\" src=\"https:\/\/laimincom.ee\/wp-content\/uploads\/2022\/03\/IMG_20210531_151155-1024x769.jpg\" class=\"attachment-large size-large wp-post-image\" alt=\"Apple MBAAR tables in Latvia 2021\" srcset=\"https:\/\/laimincom.ee\/wp-content\/uploads\/2022\/03\/IMG_20210531_151155-1024x769.jpg 1024w, https:\/\/laimincom.ee\/wp-content\/uploads\/2022\/03\/IMG_20210531_151155-300x225.jpg 300w, https:\/\/laimincom.ee\/wp-content\/uploads\/2022\/03\/IMG_20210531_151155-768x577.jpg 768w, https:\/\/laimincom.ee\/wp-content\/uploads\/2022\/03\/IMG_20210531_151155-1536x1153.jpg 1536w, https:\/\/laimincom.ee\/wp-content\/uploads\/2022\/03\/IMG_20210531_151155-2048x1538.jpg 2048w, https:\/\/laimincom.ee\/wp-content\/uploads\/2022\/03\/IMG_20210531_151155-16x12.jpg 16w, https:\/\/laimincom.ee\/wp-content\/uploads\/2022\/03\/IMG_20210531_151155-400x300.jpg 400w, https:\/\/laimincom.ee\/wp-content\/uploads\/2022\/03\/IMG_20210531_151155-600x451.jpg 600w\" sizes=\"(max-width: 640px) 100vw, 640px\" \/>\t\t\t<\/div>\n\t\t<\/a><!-- .post-thumbnail -->\n\t\t\t<div class=\"entry-content-wrap\">\n\t\t<header class=\"entry-header\">\n\t<h3 class=\"entry-title\"><a href=\"https:\/\/laimincom.ee\/et\/apple-mbaar-tables-in-latvia-2021\/worksdone\/\" rel=\"bookmark\">Apple MBAAR lauad L\u00e4tis 2021<\/a><\/h3><\/header><!-- .entry-header -->\n<footer class=\"entry-footer\">\n\t\t\t<div class=\"entry-actions\">\n\t\t\t<p class=\"more-link-wrap\">\n\t\t\t\t<a href=\"https:\/\/laimincom.ee\/et\/apple-mbaar-tables-in-latvia-2021\/worksdone\/\" class=\"post-more-link\">\n\t\t\t\t\tVajuta siia, et n\u00e4ha rohkem <span class=\"screen-reader-text\"> Apple MBAAR lauad L\u00e4tis 2021<\/span><span class=\"kadence-svg-iconset svg-baseline\"><svg aria-hidden=\"true\" class=\"kadence-svg-icon kadence-arrow-right-alt-svg\" fill=\"currentColor\" version=\"1.1\" xmlns=\"http:\/\/www.w3.org\/2000\/svg\" width=\"27\" height=\"28\" viewbox=\"0 0 27 28\"><title>Continue<\/title><path d=\"M27 13.953c0 0.141-0.063 0.281-0.156 0.375l-6 5.531c-0.156 0.141-0.359 0.172-0.547 0.094-0.172-0.078-0.297-0.25-0.297-0.453v-3.5h-19.5c-0.281 0-0.5-0.219-0.5-0.5v-3c0-0.281 0.219-0.5 0.5-0.5h19.5v-3.5c0-0.203 0.109-0.375 0.297-0.453s0.391-0.047 0.547 0.078l6 5.469c0.094 0.094 0.156 0.219 0.156 0.359v0z\"><\/path>\n\t\t\t<\/svg><\/span>\t\t\t\t<\/a>\n\t\t\t<\/p>\n\t\t<\/div><!-- .entry-actions -->\n\t\t<\/footer><!-- .entry-footer -->\t<\/div>\n<\/article>\n<article class=\"entry content-bg loop-entry post-6777 post type-post status-publish format-standard has-post-thumbnail hentry category-worksdone\">\n\t\t\t<a class=\"post-thumbnail kadence-thumbnail-ratio-inherit\" href=\"https:\/\/laimincom.ee\/et\/some-of-the-older-works-done\/worksdone\/\">\n\t\t\t<div class=\"post-thumbnail-inner\">\n\t\t\t\t<img loading=\"lazy\" decoding=\"async\" width=\"128\" height=\"128\" src=\"https:\/\/laimincom.ee\/wp-content\/uploads\/2020\/05\/Favicon_3.png\" class=\"attachment-large size-large wp-post-image\" alt=\"Some of the older works done\" srcset=\"https:\/\/laimincom.ee\/wp-content\/uploads\/2020\/05\/Favicon_3.png 128w, https:\/\/laimincom.ee\/wp-content\/uploads\/2020\/05\/Favicon_3-100x100.png 100w\" sizes=\"(max-width: 128px) 100vw, 128px\" \/>\t\t\t<\/div>\n\t\t<\/a><!-- .post-thumbnail -->\n\t\t\t<div class=\"entry-content-wrap\">\n\t\t<header class=\"entry-header\">\n\t<h3 class=\"entry-title\"><a href=\"https:\/\/laimincom.ee\/et\/some-of-the-older-works-done\/worksdone\/\" rel=\"bookmark\">M\u00f5ningad vanemad tehtud t\u00f6\u00f6d<\/a><\/h3><\/header><!-- .entry-header -->\n<footer class=\"entry-footer\">\n\t\t\t<div class=\"entry-actions\">\n\t\t\t<p class=\"more-link-wrap\">\n\t\t\t\t<a href=\"https:\/\/laimincom.ee\/et\/some-of-the-older-works-done\/worksdone\/\" class=\"post-more-link\">\n\t\t\t\t\tVajuta siia, et n\u00e4ha rohkem <span class=\"screen-reader-text\"> M\u00f5ningad vanemad tehtud t\u00f6\u00f6d<\/span><span class=\"kadence-svg-iconset svg-baseline\"><svg aria-hidden=\"true\" class=\"kadence-svg-icon kadence-arrow-right-alt-svg\" fill=\"currentColor\" version=\"1.1\" xmlns=\"http:\/\/www.w3.org\/2000\/svg\" width=\"27\" height=\"28\" viewbox=\"0 0 27 28\"><title>Continue<\/title><path d=\"M27 13.953c0 0.141-0.063 0.281-0.156 0.375l-6 5.531c-0.156 0.141-0.359 0.172-0.547 0.094-0.172-0.078-0.297-0.25-0.297-0.453v-3.5h-19.5c-0.281 0-0.5-0.219-0.5-0.5v-3c0-0.281 0.219-0.5 0.5-0.5h19.5v-3.5c0-0.203 0.109-0.375 0.297-0.453s0.391-0.047 0.547 0.078l6 5.469c0.094 0.094 0.156 0.219 0.156 0.359v0z\"><\/path>\n\t\t\t<\/svg><\/span>\t\t\t\t<\/a>\n\t\t\t<\/p>\n\t\t<\/div><!-- .entry-actions -->\n\t\t<\/footer><!-- .entry-footer -->\t<\/div>\n<\/article>\n<\/div>\n\n\n<p class=\"has-small-font-size\"><\/p>","protected":false},"excerpt":{"rendered":"","protected":false},"author":3,"featured_media":0,"parent":0,"menu_order":0,"comment_status":"closed","ping_status":"closed","template":"template-full-width.php","meta":{"om_disable_all_campaigns":false,"inline_featured_image":false,"footnotes":""},"class_list":["post-6745","page","type-page","status-publish","hentry"],"_links":{"self":[{"href":"https:\/\/laimincom.ee\/et\/wp-json\/wp\/v2\/pages\/6745","targetHints":{"allow":["GET"]}}],"collection":[{"href":"https:\/\/laimincom.ee\/et\/wp-json\/wp\/v2\/pages"}],"about":[{"href":"https:\/\/laimincom.ee\/et\/wp-json\/wp\/v2\/types\/page"}],"author":[{"embeddable":true,"href":"https:\/\/laimincom.ee\/et\/wp-json\/wp\/v2\/users\/3"}],"replies":[{"embeddable":true,"href":"https:\/\/laimincom.ee\/et\/wp-json\/wp\/v2\/comments?post=6745"}],"version-history":[{"count":10,"href":"https:\/\/laimincom.ee\/et\/wp-json\/wp\/v2\/pages\/6745\/revisions"}],"predecessor-version":[{"id":6779,"href":"https:\/\/laimincom.ee\/et\/wp-json\/wp\/v2\/pages\/6745\/revisions\/6779"}],"wp:attachment":[{"href":"https:\/\/laimincom.ee\/et\/wp-json\/wp\/v2\/media?parent=6745"}],"curies":[{"name":"wp","href":"https:\/\/api.w.org\/{rel}","templated":true}]}}