{"id":6513,"date":"2022-01-27T17:57:38","date_gmt":"2022-01-27T17:57:38","guid":{"rendered":"https:\/\/laimincom.ee\/?page_id=6513"},"modified":"2022-01-27T17:57:38","modified_gmt":"2022-01-27T17:57:38","slug":"contact-form","status":"publish","type":"page","link":"https:\/\/laimincom.ee\/et\/contact-form\/","title":{"rendered":"Kontakti vorm"},"content":{"rendered":"<p>J\u00e4ta meile oma k\u00fcsimus v\u00f5i kommentaar ja me v\u00f5tame sinuga \u00fchendust!<\/p>\n\n\n<div class=\"wpforms-container wpforms-container-full wpforms-block\" id=\"wpforms-6512\"><form id=\"wpforms-form-6512\" class=\"wpforms-validate wpforms-form wpforms-ajax-form\" data-formid=\"6512\" method=\"post\" enctype=\"multipart\/form-data\" action=\"\/et\/wp-json\/wp\/v2\/pages\/6513\" data-token=\"5107b1893a609cb27da6701c37d6a62d\" data-token-time=\"1775413914\" data-trp-original-action=\"\/et\/wp-json\/wp\/v2\/pages\/6513\"><noscript class=\"wpforms-error-noscript\">Selle vormi t\u00e4itmiseks lubage oma brauseris JavaScript.<\/noscript><div class=\"wpforms-field-container\"><div id=\"wpforms-6512-field_0-container\" class=\"wpforms-field wpforms-field-name\" data-field-id=\"0\"><label class=\"wpforms-field-label\" for=\"wpforms-6512-field_0\">Nimi <span class=\"wpforms-required-label\">*<\/span><\/label><input type=\"text\" id=\"wpforms-6512-field_0\" class=\"wpforms-field-medium wpforms-field-required\" name=\"wpforms[fields][0]\" required><\/div><div id=\"wpforms-6512-field_5-container\" class=\"wpforms-field wpforms-field-number\" data-field-id=\"5\"><label class=\"wpforms-field-label\" for=\"wpforms-6512-field_5\">Telefoni number<\/label><input type=\"number\" id=\"wpforms-6512-field_5\" class=\"wpforms-field-medium\" name=\"wpforms[fields][5]\" ><div class=\"wpforms-field-description\">Palun lisa ka riigikood. <\/div><\/div><div id=\"wpforms-6512-field_1-container\" class=\"wpforms-field wpforms-field-email\" data-field-id=\"1\"><label class=\"wpforms-field-label\" for=\"wpforms-6512-field_1\">E-post <span class=\"wpforms-required-label\">*<\/span><\/label><input type=\"email\" id=\"wpforms-6512-field_1\" class=\"wpforms-field-medium wpforms-field-required\" name=\"wpforms[fields][1]\" spellcheck=\"false\" required><\/div><div id=\"wpforms-6512-field_2-container\" class=\"wpforms-field wpforms-field-textarea\" data-field-id=\"2\"><label class=\"wpforms-field-label\" for=\"wpforms-6512-field_2\">Kiri v\u00f5i kommentaar <span class=\"wpforms-required-label\">*<\/span><\/label><textarea id=\"wpforms-6512-field_2\" class=\"wpforms-field-medium wpforms-field-required\" name=\"wpforms[fields][2]\" required><\/textarea><\/div><\/div><!-- .wpforms-field-container --><div class=\"wpforms-submit-container\" ><input type=\"hidden\" name=\"wpforms[id]\" value=\"6512\"><input type=\"hidden\" name=\"page_title\" value=\"\"><input type=\"hidden\" name=\"page_url\" value=\"https:\/\/laimincom.ee\/et\/wp-json\/wp\/v2\/pages\/6513\"><button type=\"submit\" name=\"wpforms[submit]\" id=\"wpforms-submit-6512\" class=\"wpforms-submit\" data-alt-text=\"Sending...\" data-submit-text=\"Submit\" aria-live=\"assertive\" value=\"wpforms-submit\">Saada<\/button><img decoding=\"async\" src=\"https:\/\/laimincom.ee\/wp-content\/plugins\/wpforms-lite\/assets\/images\/submit-spin.svg\" class=\"wpforms-submit-spinner\" style=\"display: none;\" width=\"26\" height=\"26\" alt=\"Loading\"><\/div><input type=\"hidden\" name=\"trp-form-language\" value=\"et\"\/><\/form><\/div>  <!-- .wpforms-container -->\n\n\n<p><\/p>","protected":false},"excerpt":{"rendered":"<p>J\u00e4ta meile oma k\u00fcsimus v\u00f5i kommentaar ja me v\u00f5tame sinuga \u00fchendust!<\/p>","protected":false},"author":3,"featured_media":0,"parent":0,"menu_order":0,"comment_status":"closed","ping_status":"closed","template":"","meta":{"om_disable_all_campaigns":false,"inline_featured_image":false,"footnotes":""},"class_list":["post-6513","page","type-page","status-publish","hentry"],"_links":{"self":[{"href":"https:\/\/laimincom.ee\/et\/wp-json\/wp\/v2\/pages\/6513","targetHints":{"allow":["GET"]}}],"collection":[{"href":"https:\/\/laimincom.ee\/et\/wp-json\/wp\/v2\/pages"}],"about":[{"href":"https:\/\/laimincom.ee\/et\/wp-json\/wp\/v2\/types\/page"}],"author":[{"embeddable":true,"href":"https:\/\/laimincom.ee\/et\/wp-json\/wp\/v2\/users\/3"}],"replies":[{"embeddable":true,"href":"https:\/\/laimincom.ee\/et\/wp-json\/wp\/v2\/comments?post=6513"}],"version-history":[{"count":1,"href":"https:\/\/laimincom.ee\/et\/wp-json\/wp\/v2\/pages\/6513\/revisions"}],"predecessor-version":[{"id":6514,"href":"https:\/\/laimincom.ee\/et\/wp-json\/wp\/v2\/pages\/6513\/revisions\/6514"}],"wp:attachment":[{"href":"https:\/\/laimincom.ee\/et\/wp-json\/wp\/v2\/media?parent=6513"}],"curies":[{"name":"wp","href":"https:\/\/api.w.org\/{rel}","templated":true}]}}