{"id":33,"date":"2020-03-16T16:35:41","date_gmt":"2020-03-16T16:35:41","guid":{"rendered":"http:\/\/laimincom-ee.vserver.zonevs.eu\/?page_id=33"},"modified":"2023-07-26T08:03:52","modified_gmt":"2023-07-26T08:03:52","slug":"terms","status":"publish","type":"page","link":"https:\/\/laimincom.ee\/et\/terms\/","title":{"rendered":"Tingimused"},"content":{"rendered":"<style>.wp-block-kadence-advancedheading.kt-adv-heading_c6b720-73, .wp-block-kadence-advancedheading.kt-adv-heading_c6b720-73[data-kb-block=\"kb-adv-heading_c6b720-73\"]{font-weight:normal;font-style:normal;color:#0693e3;}.wp-block-kadence-advancedheading.kt-adv-heading_c6b720-73 mark, .wp-block-kadence-advancedheading.kt-adv-heading_c6b720-73[data-kb-block=\"kb-adv-heading_c6b720-73\"] mark{font-family:Raleway;font-weight:400;font-style:normal;color:#f76a0c;padding-top:0px;padding-right:0px;padding-bottom:0px;padding-left:0px;}<\/style>\n<h3 class=\"kt-adv-heading_c6b720-73 wp-block-kadence-advancedheading\" data-kb-block=\"kb-adv-heading_c6b720-73\">\u00dcLDINE<\/h3>\n\n\n\n<p>J\u00e4rgnevad tingimused reguleerivad Laimincom O\u00dc (registrikood 12383740) \u00f5igussuhet isikute vahel, kelleks on edaspidiselt<strong>&nbsp;M\u00fc\u00fcja<\/strong> ) ja p\u00e4ringu, tellimuse v\u00f5i ostu teinud isik (<strong>Klient<\/strong>).<\/p>\n\n\n<style>.wp-block-kadence-advancedheading.kt-adv-heading_e79bf8-28, .wp-block-kadence-advancedheading.kt-adv-heading_e79bf8-28[data-kb-block=\"kb-adv-heading_e79bf8-28\"]{font-weight:normal;font-style:normal;color:#0693e3;}.wp-block-kadence-advancedheading.kt-adv-heading_e79bf8-28 mark, .wp-block-kadence-advancedheading.kt-adv-heading_e79bf8-28[data-kb-block=\"kb-adv-heading_e79bf8-28\"] mark{font-family:Raleway;font-weight:400;font-style:normal;color:#f76a0c;padding-top:0px;padding-right:0px;padding-bottom:0px;padding-left:0px;}<\/style>\n<h3 class=\"kt-adv-heading_e79bf8-28 wp-block-kadence-advancedheading\" data-kb-block=\"kb-adv-heading_e79bf8-28\">TELLIMUSE T\u00c4ITMINE<\/h3>\n\n\n\n<ul class=\"wp-block-list\">\n<li>Kodulehek\u00fclje www.laimincom.ee puhul ei ole tegemist e-poega, lehel puuduvad hinnad ja p\u00e4ringuid ei k\u00e4sitleta kui tellimusi, kui selleks ei ole eelnevalt kokkulepitud.<\/li>\n\n\n\n<li>P\u00e4ringu t\u00e4itmiseks peab Klient sisestama vajalikud andmed (Kliendi andmed), n\u00f5ustuma tingimustega ja kl\u00f5psama nuppu \u201eSaada hinnap\u00e4ring\u201c. Vastavalt p\u00e4ringule vormistame pakkumise v\u00f5i tellimuse kinnituse, mille M\u00fc\u00fcja saadab Kliendi e-posti aadressile.<\/li>\n\n\n\n<li>Tellimusi ja p\u00e4ringuid saab meile saata ka otse e-posti v\u00f5i telefoni teel.<\/li>\n\n\n\n<li>Kui tooted on t\u00f6\u00f6sse (st tooteid on hakatud tootma v\u00f5i tooted on pakitud ning v\u00e4lja saadetud kliendile) pandud, pole tellimusest v\u00f5imalik taganeda. <\/li>\n<\/ul>\n\n\n<style>.wp-block-kadence-advancedheading.kt-adv-heading_00ca6f-e4, .wp-block-kadence-advancedheading.kt-adv-heading_00ca6f-e4[data-kb-block=\"kb-adv-heading_00ca6f-e4\"]{font-weight:normal;font-style:normal;color:#0693e3;}.wp-block-kadence-advancedheading.kt-adv-heading_00ca6f-e4 mark, .wp-block-kadence-advancedheading.kt-adv-heading_00ca6f-e4[data-kb-block=\"kb-adv-heading_00ca6f-e4\"] mark{font-family:Raleway;font-weight:400;font-style:normal;color:#f76a0c;padding-top:0px;padding-right:0px;padding-bottom:0px;padding-left:0px;}<\/style>\n<h3 class=\"kt-adv-heading_00ca6f-e4 wp-block-kadence-advancedheading\" data-kb-block=\"kb-adv-heading_00ca6f-e4\">TOOTEPILDID<\/h3>\n\n\n\n<ul class=\"wp-block-list\">\n<li>Juhime t\u00e4helepanu, et <strong>pildid on vaid illustratiivsed. <\/strong> Tegelik toode v\u00f5ib pildil kujutatust erineda. <\/li>\n<\/ul>\n\n\n<style>.wp-block-kadence-advancedheading.kt-adv-heading_d13b53-3b, .wp-block-kadence-advancedheading.kt-adv-heading_d13b53-3b[data-kb-block=\"kb-adv-heading_d13b53-3b\"]{font-weight:normal;font-style:normal;color:#0693e3;}.wp-block-kadence-advancedheading.kt-adv-heading_d13b53-3b mark, .wp-block-kadence-advancedheading.kt-adv-heading_d13b53-3b[data-kb-block=\"kb-adv-heading_d13b53-3b\"] mark{font-family:Raleway;font-weight:400;font-style:normal;color:#f76a0c;padding-top:0px;padding-right:0px;padding-bottom:0px;padding-left:0px;}<\/style>\n<h3 class=\"kt-adv-heading_d13b53-3b wp-block-kadence-advancedheading\" data-kb-block=\"kb-adv-heading_d13b53-3b\">TOODETE SAATMINE <\/h3>\n\n\n\n<ul class=\"wp-block-list\">\n<li>Laimincom O\u00dc vastutab vaid saadetise eest alates saadetise vastuv\u00f5tmisest saatjalt kuni\nsaadetise \u00fcleandmiseni saajale. <\/li>\n\n\n\n<li>Juhul, kui saadetis on saaja poolt vastu v\u00f5etud ning kirjalikult kinnitatud saadetise \u00fcleandmine, loetakse saadetis kohaletoimetatud\nkomplektses ning mittepurunenud seisukorras. <\/li>\n\n\n\n<li>Hilinenud, kaotatud v\u00f5i purunenud saadetise kaudseid kulusid nagu saamataj\u00e4\u00e4nud tulu ja mittevaralist kahju Laimincom O\u00dc Kliendile ei h\u00fcvita. <\/li>\n\n\n\n<li>P\u00e4rast tellimuse kinnitust <strong>l\u00e4hetusaadressi muutmine on tasuline ja maksustatud<\/strong> veel kord <strong>kui eraldiseisev saadetise vedu.  <\/strong><\/li>\n\n\n\n<li>Kui Klient on soovinud kauba kohaletoimetamise - kauba saatmiskulud kannab Klient ning vastav hinnainfo on kuvatud tellimuse kinnitusel. Kauba k\u00e4ttetoimetamise tasu s\u00f5ltub ostja asukohast ning k\u00e4ttetoimetamise viisist. <\/li>\n\n\n\n<li>Eeldatav tarneaeg on Eestis 1-2 t\u00f6\u00f6p\u00e4eva (alates paki v\u00e4ljasaatmise p\u00e4evast). N\u00e4dalavahetustel ja kohalikel p\u00fchadel v\u00f5ib tarneaeg nendel perioodidel olla tavalisest pikem. V\u00f5imalik on valida kullerteenuse v\u00f5i pakiautomaadi (Smartpost) vahel.<\/li>\n\n\n\n<li>V\u00e4ljastpoolt Euroopa Liitu toimetamise korral tasub tolli eest paki saaja (Klient). <\/li>\n<\/ul>\n\n\n<style>.wp-block-kadence-advancedheading.kt-adv-heading_c22cf6-02, .wp-block-kadence-advancedheading.kt-adv-heading_c22cf6-02[data-kb-block=\"kb-adv-heading_c22cf6-02\"]{font-weight:normal;font-style:normal;color:#0693e3;}.wp-block-kadence-advancedheading.kt-adv-heading_c22cf6-02 mark, .wp-block-kadence-advancedheading.kt-adv-heading_c22cf6-02[data-kb-block=\"kb-adv-heading_c22cf6-02\"] mark{font-family:Raleway;font-weight:400;font-style:normal;color:#f76a0c;padding-top:0px;padding-right:0px;padding-bottom:0px;padding-left:0px;}<\/style>\n<h3 class=\"kt-adv-heading_c22cf6-02 wp-block-kadence-advancedheading\" data-kb-block=\"kb-adv-heading_c22cf6-02\">ERITELLIMUSTOOTED  JA -TEENUSED<\/h3>\n\n\n\n<ul class=\"wp-block-list\">\n<li>Eritellimusel valmistatud v\u00f5i selgelt isikup\u00e4rastatud tooteid (nt logo v\u00f5i tr\u00fckitud toodetega, erisuurused) ei saa tagastada.<\/li>\n\n\n\n<li>Kehtib ka mastaabsete koguste puhul. Sel juhul t\u00e4psustatakse tingimus enne tellimuse kinnitust.<\/li>\n<\/ul>\n\n\n<style>.wp-block-kadence-advancedheading.kt-adv-heading_ab14c8-16, .wp-block-kadence-advancedheading.kt-adv-heading_ab14c8-16[data-kb-block=\"kb-adv-heading_ab14c8-16\"]{font-weight:normal;font-style:normal;color:#0693e3;}.wp-block-kadence-advancedheading.kt-adv-heading_ab14c8-16 mark, .wp-block-kadence-advancedheading.kt-adv-heading_ab14c8-16[data-kb-block=\"kb-adv-heading_ab14c8-16\"] mark{font-family:Raleway;font-weight:400;font-style:normal;color:#f76a0c;padding-top:0px;padding-right:0px;padding-bottom:0px;padding-left:0px;}<\/style>\n<h3 class=\"kt-adv-heading_ab14c8-16 wp-block-kadence-advancedheading\" data-kb-block=\"kb-adv-heading_ab14c8-16\">TAGASTAMINE<\/h3>\n\n\n\n<ul class=\"wp-block-list\">\n<li>Taganemis\u00f5igus ei kohaldu, kui ostjaks \/ Kliendiks on juriidiline isik. Juriidilisest isikust Klient ei ole tarbija V\u00f5la\u00f5igusseaduse (V\u00d5S) t\u00e4henduses.<\/li>\n\n\n\n<li>14-p\u00e4evase tagastamis\u00f5iguse kasutamiseks ei tohi tellitud kaupa kasutada muul viisil kui on vajalik kauba olemuses, omadustes ja toimimises veendumiseks viisil nagu see on lubatud kauba testimiseks f\u00fc\u00fcsilises poes.<\/li>\n\n\n\n<li>Kauba tagastamiseks tuleb 3 p\u00e4eva jooksul p\u00e4rast k\u00e4ttesaamist esitada e-posti aadressil alar@laimincom.ee kauba ostust taganemise avaldus.<\/li>\n\n\n\n<li>Kauba tagastamisega seotud kulud kannab ostja, v\u00e4lja arvatud juhul, kui tagastamise p\u00f5hjuseks on asjaolu, et tagastatav kaup ei vasta tellitule (vale v\u00f5i puudusega kaup).<\/li>\n\n\n\n<li>Laimincom ei vastuta transpordi eest, mille on tellinud Klient m\u00f5nelt teistelt kolmandalt osapoolelt.<\/li>\n<\/ul>\n\n\n<style>.wp-block-kadence-advancedheading.kt-adv-heading_1545ce-11, .wp-block-kadence-advancedheading.kt-adv-heading_1545ce-11[data-kb-block=\"kb-adv-heading_1545ce-11\"]{font-weight:normal;font-style:normal;color:#0693e3;}.wp-block-kadence-advancedheading.kt-adv-heading_1545ce-11 mark, .wp-block-kadence-advancedheading.kt-adv-heading_1545ce-11[data-kb-block=\"kb-adv-heading_1545ce-11\"] mark{font-family:Raleway;font-weight:400;font-style:normal;color:#f76a0c;padding-top:0px;padding-right:0px;padding-bottom:0px;padding-left:0px;}<\/style>\n<h3 class=\"kt-adv-heading_1545ce-11 wp-block-kadence-advancedheading\" data-kb-block=\"kb-adv-heading_1545ce-11\">ISIKUANDMED <\/h3>\n\n\n\n<ul class=\"wp-block-list\">\n<li>Kodulehe p\u00e4ringukeskkonnas s\u00e4ilitatavaid andmeid kliendi ja tema tellimuste kohta k\u00e4sitletakse kui konfidentsiaalset teavet.  <\/li>\n\n\n\n<li>Isikuandmeid t\u00f6\u00f6deldakse vastavalt isikuandmete kaitse seaduse n\u00f5uetele.<\/li>\n\n\n\n<li>Kliendi isikuandmeid t\u00f6\u00f6tleb Laimincom O\u00dc. <\/li>\n\n\n\n<li>Laimincom O\u00dc v\u00f5ib anda loa isikuandmete t\u00f6\u00f6tlemiseks teistele juriidilistele isikutele tingimusel, et t\u00f6\u00f6tlejal on Laimincom O\u00dc-ga leping. T\u00f6\u00f6tleja on kohustatud hoidma t\u00f6\u00f6deldavaid isikuandmeid konfidentsiaalsena ja tagama isikuandmete kaitse vastavalt seaduses s\u00e4testatud n\u00f5uetele.<\/li>\n<\/ul>\n\n\n\n<p>Loe l\u00e4hemalt <a href=\"https:\/\/laimincom.ee\/et\/privacy-policy\/\" data-type=\"URL\" data-id=\"https:\/\/laimincom.ee\/et\/privacy-policy\/\" target=\"_blank\" rel=\"noreferrer noopener\">Privaatsuspoliitika.<\/a><\/p>\n\n\n<style>.wp-block-kadence-advancedheading.kt-adv-heading_eb4027-61, .wp-block-kadence-advancedheading.kt-adv-heading_eb4027-61[data-kb-block=\"kb-adv-heading_eb4027-61\"]{font-weight:normal;font-style:normal;color:#0693e3;}.wp-block-kadence-advancedheading.kt-adv-heading_eb4027-61 mark, .wp-block-kadence-advancedheading.kt-adv-heading_eb4027-61[data-kb-block=\"kb-adv-heading_eb4027-61\"] mark{font-family:Raleway;font-weight:400;font-style:normal;color:#f76a0c;padding-top:0px;padding-right:0px;padding-bottom:0px;padding-left:0px;}<\/style>\n<h3 class=\"kt-adv-heading_eb4027-61 wp-block-kadence-advancedheading\" data-kb-block=\"kb-adv-heading_eb4027-61\">N\u00d5UETE ESITAMINE<\/h3>\n\n\n\n<p>All complaints related to the orders or invoices shall be submitted in writing to Laimincom O\u00dc at e-mail oliver@laimincom.ee no later than 3 days after You received the order. <\/p>\n\n\n\n<p><\/p>\n\n\n\n<p><\/p>","protected":false},"excerpt":{"rendered":"<p>GENERAL These terms and conditions govern the legal relationship between Laimincom O\u00dc, (registry code 12383740, Aardla 25e, 50110 Tartu, Estonia) (referred to as the&nbsp;Seller ) and the person who made the query, order or purchase (Customer). FILLING OUT THE ORDER PRODUCT IMAGES DELIVERY OF PRODUCTS CUSTOM-MADE PRODUCTS RETURN PERSONAL INFORMATION Read more from Privacy Policy. [&hellip;]<\/p>","protected":false},"author":1,"featured_media":0,"parent":0,"menu_order":0,"comment_status":"closed","ping_status":"closed","template":"template-full-width.php","meta":{"om_disable_all_campaigns":false,"inline_featured_image":false,"footnotes":""},"class_list":["post-33","page","type-page","status-publish","hentry"],"_links":{"self":[{"href":"https:\/\/laimincom.ee\/et\/wp-json\/wp\/v2\/pages\/33","targetHints":{"allow":["GET"]}}],"collection":[{"href":"https:\/\/laimincom.ee\/et\/wp-json\/wp\/v2\/pages"}],"about":[{"href":"https:\/\/laimincom.ee\/et\/wp-json\/wp\/v2\/types\/page"}],"author":[{"embeddable":true,"href":"https:\/\/laimincom.ee\/et\/wp-json\/wp\/v2\/users\/1"}],"replies":[{"embeddable":true,"href":"https:\/\/laimincom.ee\/et\/wp-json\/wp\/v2\/comments?post=33"}],"version-history":[{"count":30,"href":"https:\/\/laimincom.ee\/et\/wp-json\/wp\/v2\/pages\/33\/revisions"}],"predecessor-version":[{"id":13529,"href":"https:\/\/laimincom.ee\/et\/wp-json\/wp\/v2\/pages\/33\/revisions\/13529"}],"wp:attachment":[{"href":"https:\/\/laimincom.ee\/et\/wp-json\/wp\/v2\/media?parent=33"}],"curies":[{"name":"wp","href":"https:\/\/api.w.org\/{rel}","templated":true}]}}