{"id":245,"date":"2020-03-18T13:30:47","date_gmt":"2020-03-18T13:30:47","guid":{"rendered":"http:\/\/laimincom-ee.vserver.zonevs.eu\/?page_id=245"},"modified":"2023-04-20T07:02:23","modified_gmt":"2023-04-20T07:02:23","slug":"faq","status":"publish","type":"page","link":"https:\/\/laimincom.ee\/et\/faq\/","title":{"rendered":"KKK"},"content":{"rendered":"<style>#kt-layout-id_330b51-8d > .kt-row-column-wrap{align-content:start;}:where(#kt-layout-id_330b51-8d > .kt-row-column-wrap) > .wp-block-kadence-column{justify-content:start;}#kt-layout-id_330b51-8d > .kt-row-column-wrap{column-gap:var(--global-kb-gap-md, 2rem);row-gap:var(--global-kb-gap-md, 2rem);padding-top:var( --global-kb-row-default-top, 25px );padding-bottom:var( --global-kb-row-default-bottom, 25px );padding-top:var(--global-kb-spacing-sm, 1.5rem);padding-bottom:var(--global-kb-spacing-sm, 1.5rem);grid-template-columns:minmax(0, calc(15% - ((var(--global-kb-gap-md, 2rem) * 2 )\/3))) minmax(0, calc(70% - ((var(--global-kb-gap-md, 2rem) * 2 )\/3))) minmax(0, calc(15% - ((var(--global-kb-gap-md, 2rem) * 2 )\/3)));}#kt-layout-id_330b51-8d > .kt-row-layout-overlay{opacity:0.30;}@media all and (max-width: 1024px){#kt-layout-id_330b51-8d > .kt-row-column-wrap{grid-template-columns:repeat(3, minmax(0, 1fr));}}@media all and (max-width: 767px){#kt-layout-id_330b51-8d > .kt-row-column-wrap{grid-template-columns:minmax(0, 1fr);}}<\/style>\n<div class=\"wp-block-kadence-rowlayout alignnone\"><div id=\"kt-layout-id_330b51-8d\" class=\"kt-row-layout-inner kt-layout-id_330b51-8d\"><div class=\"kt-row-column-wrap kt-has-3-columns kt-gutter-default kt-v-gutter-default kt-row-valign-top kt-row-layout-center-half kt-tab-layout-inherit kt-m-colapse-left-to-right kt-mobile-layout-row  kt-custom-first-width-15  kt-custom-second-width-70  kt-custom-third-width-15\"><style>.kadence-column_9c803b-cb > .kt-inside-inner-col{border-top-width:0px;border-right-width:0px;border-bottom-width:0px;border-left-width:0px;}.kadence-column_9c803b-cb > .kt-inside-inner-col,.kadence-column_9c803b-cb > .kt-inside-inner-col:before{border-top-left-radius:0px;border-top-right-radius:0px;border-bottom-right-radius:0px;border-bottom-left-radius:0px;}.kadence-column_9c803b-cb > .kt-inside-inner-col{column-gap:var(--global-kb-gap-sm, 1rem);}.kadence-column_9c803b-cb > .kt-inside-inner-col{flex-direction:column;}.kadence-column_9c803b-cb > .kt-inside-inner-col > .aligncenter{width:100%;}.kadence-column_9c803b-cb > .kt-inside-inner-col:before{opacity:0.3;}.kadence-column_9c803b-cb{position:relative;}@media all and (max-width: 1024px){.kadence-column_9c803b-cb > .kt-inside-inner-col{flex-direction:column;}}@media all and (max-width: 767px){.kadence-column_9c803b-cb > .kt-inside-inner-col{flex-direction:column;}}<\/style>\n<div class=\"wp-block-kadence-column inner-column-1 kadence-column_9c803b-cb\"><div class=\"kt-inside-inner-col\"><\/div><\/div>\n\n\n<style>.kadence-column_86404c-51 > .kt-inside-inner-col{border-top-width:0px;border-right-width:0px;border-bottom-width:0px;border-left-width:0px;}.kadence-column_86404c-51 > .kt-inside-inner-col,.kadence-column_86404c-51 > .kt-inside-inner-col:before{border-top-left-radius:0px;border-top-right-radius:0px;border-bottom-right-radius:0px;border-bottom-left-radius:0px;}.kadence-column_86404c-51 > .kt-inside-inner-col{column-gap:var(--global-kb-gap-sm, 1rem);}.kadence-column_86404c-51 > .kt-inside-inner-col{flex-direction:column;}.kadence-column_86404c-51 > .kt-inside-inner-col > .aligncenter{width:100%;}.kadence-column_86404c-51 > .kt-inside-inner-col:before{opacity:0.3;}.kadence-column_86404c-51{position:relative;}@media all and (max-width: 1024px){.kadence-column_86404c-51 > .kt-inside-inner-col{flex-direction:column;}}@media all and (max-width: 767px){.kadence-column_86404c-51 > .kt-inside-inner-col{flex-direction:column;}}<\/style>\n<div class=\"wp-block-kadence-column inner-column-2 kadence-column_86404c-51\"><div class=\"kt-inside-inner-col\">\n<p>Korduma kippuvad k\u00fcsimused<\/p>\n\n\n\n<h2 class=\"has-vivid-cyan-blue-color has-text-color wp-block-heading\">Kus saan tooteid n\u00e4ha?<\/h2>\n\n\n\n<p>P\u00f5hitooted asuvad meie Tartu kontoris (Aardla 25e, II korrus). Lahtiolekuajad leiate alajaotusest <a rel=\"noreferrer noopener\" href=\"https:\/\/laimincom.ee\/et\/contact\/\" target=\"_blank\">kontaktid.<\/a><\/p>\n\n\n\n<h2 class=\"has-vivid-cyan-blue-color has-text-color wp-block-heading\">Tellimuse t\u00e4itmisaeg? Millest oleneb?<\/h2>\n\n\n\n<p>Tellimuse t\u00e4itmisaeg oleneb toote iseloomust. Kui esitatud pakkumine \/ tellimus on kinnitatud, v\u00f5tame asja kohe t\u00f6\u00f6sse. Toote puhul oleneb, kas toode on kohe laos olemas v\u00f5i tuleb toota \/ tellida. Kui toode on kohe laos olemas, siis v\u00e4ljastame tellimuse samal p\u00e4eval. Kui toodet laos ei ole, siis tuleks arvestada 1-3 n\u00e4dalaga. Orienteeruv tarnaeg antakse Sulle tellimuse kinnitamisel teada, kuid tuleb arvestada v\u00f5imalike meist olenematute viivitustega. Soovitame oma tellimuse soovist teada anda varakult, et kindlustada toodete \u00f5igeaegne saabumine.<\/p>\n\n\n\n<h2 class=\"has-vivid-cyan-blue-color has-text-color wp-block-heading\">Eritellimusel toodete valmimise aeg?<\/h2>\n\n\n\n<p>Eritellimus toodete puhul v\u00f5iks arvestada v\u00e4hemalt 1-2-n\u00e4dalase tootmisajaga.<\/p>\n\n\n\n<h2 class=\"has-vivid-cyan-blue-color has-text-color wp-block-heading\">Kuidas saan tasuda?<\/h2>\n\n\n\n<p>Edastame tellimuse esitajale p\u00e4rast toodete v\u00e4ljastamist arve e-posti teel. Kohapeal tasuda ei ole v\u00f5imalik.<\/p>\n\n\n\n<h2 class=\"has-vivid-cyan-blue-color has-text-color wp-block-heading\">Hinnad?<\/h2>\n\n\n\n<p>Palun esita hinnap\u00e4ring v\u00f5i p\u00f6\u00f6rdu hinnakirja saamiseks meie poole.<\/p>\n\n\n\n<h2 class=\"has-vivid-cyan-blue-color has-text-color wp-block-heading\">Vaid need tooted?<\/h2>\n\n\n\n<p>Meie kodulehel on v\u00e4ljas p\u00f5hitooted. Kui Sa ei leia teile sobivat toodet, k\u00fcsige julgesti abi meilt.<\/p>\n\n\n\n<h2 class=\"has-vivid-cyan-blue-color has-text-color wp-block-heading\">Miinimumkogused?<\/h2>\n\n\n\n<p>Miinimumkogused puuduvad, st tooteid saab tellida ka \u00fchekaupa, lisakulusid sellele ei rakendu. \u00dcksikutele toodetele v\u00f5ib olla m\u00e4\u00e4ratud ka miinimumkogus, mis oleneb toodete arvust pakis.<\/p>\n\n\n\n<h2 class=\"has-vivid-cyan-blue-color has-text-color wp-block-heading\">Transport?<\/h2>\n\n\n\n<p>Jah. Teeme koost\u00f6\u00f6d Baltimaade juhtivaima transpordi- ning logistikaettev\u00f5ttega, kes tarnib saadetisi Eesti suurlinnadesse j\u00e4rgmiseks t\u00f6\u00f6p\u00e4evaks ja mujale hiljemalt \u00fclej\u00e4rgmiseks t\u00f6\u00f6p\u00e4evaks. Samuti on v\u00f5imalik tellida Itella SmartPOST pakiautomaati. Hind vastavalt teenusepakkuja hinnakirjale.<\/p>\n\n\n\n<p>Transport v\u00e4ljaspool Eestit t\u00e4psustatakse koos\nkoos pakkumise v\u00f5i tellimusega.<\/p>\n\n\n\n<h2 class=\"has-vivid-cyan-blue-color has-text-color wp-block-heading\">Saan ise oma tellimusele j\u00e4rele tulla?<\/h2>\n\n\n\n<p>Jah, muidugi. Kui tooted on v\u00e4ljastamiseks valmis, siis on v\u00f5imalik j\u00e4rgi tulla (tavap\u00e4rastel lahtiolekuaegadel) meie lattu, Aardla 25e Tartu. <\/p>\n\n\n\n<h2 class=\"has-vivid-cyan-blue-color has-text-color wp-block-heading\">Kuidas saan teie toodete edasim\u00fc\u00fcjaks?<\/h2>\n\n\n\n<p>Ei midagi keerulist, v\u00f5ta meiega otse \u00fchendust ja ja saadame sulle t\u00e4psema info, kuidas Laimincom O\u00dc toodete edasim\u00fc\u00fcjaks hakata. Pakume omalt poolt v\u00f5imalikult palju tuge, et edasim\u00fc\u00fck lihtsalt sujuks. Laimincomil on enamike tootjatega otsekontakt ja igap\u00e4evane tugi.<\/p>\n\n\n\n<h2 class=\"has-vivid-cyan-blue-color has-text-color wp-block-heading\">Ei leidnud oma k\u00fcsimustele vastust?<\/h2>\n\n\n\n<p>Contact us, we are ready to help you. Email: oliver@laimincom.ee or phone: +372 53045574.<\/p>\n<\/div><\/div>\n\n\n<style>.kadence-column_e7d9eb-41 > .kt-inside-inner-col{border-top-width:0px;border-right-width:0px;border-bottom-width:0px;border-left-width:0px;}.kadence-column_e7d9eb-41 > .kt-inside-inner-col,.kadence-column_e7d9eb-41 > .kt-inside-inner-col:before{border-top-left-radius:0px;border-top-right-radius:0px;border-bottom-right-radius:0px;border-bottom-left-radius:0px;}.kadence-column_e7d9eb-41 > .kt-inside-inner-col{column-gap:var(--global-kb-gap-sm, 1rem);}.kadence-column_e7d9eb-41 > .kt-inside-inner-col{flex-direction:column;}.kadence-column_e7d9eb-41 > .kt-inside-inner-col > .aligncenter{width:100%;}.kadence-column_e7d9eb-41 > .kt-inside-inner-col:before{opacity:0.3;}.kadence-column_e7d9eb-41{position:relative;}@media all and (max-width: 1024px){.kadence-column_e7d9eb-41 > .kt-inside-inner-col{flex-direction:column;}}@media all and (max-width: 767px){.kadence-column_e7d9eb-41 > .kt-inside-inner-col{flex-direction:column;}}<\/style>\n<div class=\"wp-block-kadence-column inner-column-3 kadence-column_e7d9eb-41\"><div class=\"kt-inside-inner-col\"><\/div><\/div>\n<\/div><\/div><\/div>","protected":false},"excerpt":{"rendered":"<p>Korduma kippuvad k\u00fcsimused Kus tooteid n\u00e4ha saab? P\u00f5hitooted on meie Tartu esinduses (Aardla 25e, II korrus). Lahtiolekuajad leiate kontaktide alt. Tellimuse t\u00e4itmise aeg? Millest see oleneb? Tellimuse t\u00e4itmise aeg s\u00f5ltub tootest. Kui pakkumine\/tellimus on kinnitatud, t\u00f6\u00f6tame [\u2026]<\/p>","protected":false},"author":1,"featured_media":0,"parent":0,"menu_order":0,"comment_status":"closed","ping_status":"closed","template":"template-full-width.php","meta":{"om_disable_all_campaigns":false,"inline_featured_image":false,"footnotes":""},"class_list":["post-245","page","type-page","status-publish","hentry"],"_links":{"self":[{"href":"https:\/\/laimincom.ee\/et\/wp-json\/wp\/v2\/pages\/245","targetHints":{"allow":["GET"]}}],"collection":[{"href":"https:\/\/laimincom.ee\/et\/wp-json\/wp\/v2\/pages"}],"about":[{"href":"https:\/\/laimincom.ee\/et\/wp-json\/wp\/v2\/types\/page"}],"author":[{"embeddable":true,"href":"https:\/\/laimincom.ee\/et\/wp-json\/wp\/v2\/users\/1"}],"replies":[{"embeddable":true,"href":"https:\/\/laimincom.ee\/et\/wp-json\/wp\/v2\/comments?post=245"}],"version-history":[{"count":11,"href":"https:\/\/laimincom.ee\/et\/wp-json\/wp\/v2\/pages\/245\/revisions"}],"predecessor-version":[{"id":13432,"href":"https:\/\/laimincom.ee\/et\/wp-json\/wp\/v2\/pages\/245\/revisions\/13432"}],"wp:attachment":[{"href":"https:\/\/laimincom.ee\/et\/wp-json\/wp\/v2\/media?parent=245"}],"curies":[{"name":"wp","href":"https:\/\/api.w.org\/{rel}","templated":true}]}}